{"id":147,"date":"2020-09-23T01:35:41","date_gmt":"2020-09-23T01:35:41","guid":{"rendered":"https:\/\/lasalleplayadelcarmen.edu.mx\/?page_id=147"},"modified":"2021-09-27T22:21:17","modified_gmt":"2021-09-27T22:21:17","slug":"pago-en-linea","status":"publish","type":"page","link":"https:\/\/lasalleplayadelcarmen.edu.mx\/?page_id=147","title":{"rendered":"PAGO EN L\u00cdNEA"},"content":{"rendered":"<div class=\"vce-row-container\"><div class=\"vce-row vce-row--col-gap-30 vce-row-full-height vce-row-columns--top vce-row-content--top\" id=\"el-26d38bcd\" data-vce-do-apply=\"all el-26d38bcd\"><div class=\"vce-row-content\" data-vce-element-content=\"true\"><div class=\"vce-col vce-col--md-auto vce-col--xs-1 vce-col--xs-last vce-col--xs-first vce-col--sm-last vce-col--sm-first vce-col--md-last vce-col--lg-last vce-col--xl-last vce-col--md-first vce-col--lg-first vce-col--xl-first\" id=\"el-d495614c\"><div class=\"vce-col-inner\" data-vce-do-apply=\"border margin background  el-d495614c\"><div class=\"vce-col-content\" data-vce-element-content=\"true\" data-vce-do-apply=\"padding el-d495614c\"><div class=\"vce-text-block\"><div class=\"vce-text-block-wrapper vce\" id=\"el-f7e0f99f\" data-vce-do-apply=\"all el-f7e0f99f\"><p><a href=\"https:\/\/lasallecancun.edu.mx\/REC\/PL_ING.pdf\" class=\"btn button btn-shortcode kad-btn kad-btn-primary\" id=\"kadbtn842\" target=\"_blank\" style=\"color:#FFF;\">MANUAL DE INGRESO<\/a><\/p><p><a href=\"https:\/\/lasallecancun.edu.mx\/REC\/PL_MAN.pdf\" class=\"btn button btn-shortcode kad-btn kad-btn-primary\" id=\"kadbtn991\" target=\"_blank\" style=\"color:#FFF;\">MANUAL DE USUARIO<\/a><\/p><p><a href=\"https:\/\/ww1.ulsacancun.edu.mx\/delasalle2016\/alumno.php\" class=\"btn button btn-shortcode kad-btn kad-btn-primary\" id=\"kadbtn592\" target=\"_blank\" style=\"color:#FFF;\">REALIZAR PAGO<\/a><\/p><p class=\"p1\"><span class=\"s1\"><b>POL\u00cdTICAS DE LA ESCUELA LA SALLE PLAYA DEL CARMEN AC<\/b><\/span><\/p><p class=\"p1\"><span class=\"s1\"><b>POL\u00cdTICAS DE PAGO<\/b><\/span><\/p><ul><li class=\"li5\"><span class=\"s1\">Los pagos de colegiatura se realizar\u00e1n a trav\u00e9s de las siguientes modalidades: dep\u00f3sito en ventanilla de sucursales bancarias, transferencia interbancaria, a trav\u00e9s del portal electr\u00f3nico de pagos con tarjeta bancaria con acceso directo desde la p\u00e1gina WEB de Escuela La Salle Playa del Carmen AC y pago de servicios Paycash. <\/span><\/li><li class=\"li5\"><span class=\"s1\">Se deber\u00e1n realizar los pagos de acuerdo con el procedimiento que para cada opci\u00f3n determine Escuela La Salle Playa del Carmen A.C. <\/span><\/li><li class=\"li5\"><span class=\"s1\">Cuando la forma de pago lo requiera, deber\u00e1 enviar el comprobante de pago al correo electr\u00f3nico gcp00027@playa.lasallecancun.edu.mx <\/span><\/li><li class=\"li5\"><span class=\"s1\">Es responsabilidad del alumno(a) revisar que los pagos hayan sido reconocidos y aplicados correcta y oportunamente, en el portal de pagos con su usuario y contrase\u00f1a personal ingresando en el sitio web de la Escuela La Salle Playa del Carmen https:\/\/lasalleplayadelcarmen.edu.mx en el portal de \u201cpagos en l\u00ednea\u201d. <\/span><\/li><li class=\"li5\"><span class=\"s1\">En caso de existir colegiaturas, recargos o adeudos por otros conceptos relacionados con el servicio educativo no pagados previamente, el monto del pago que se realice ser\u00e1 tomado para cubrir los conceptos anteriores de acuerdo con el orden progresivo en que estos fueron generados. <\/span><\/li><li class=\"li5\"><span class=\"s1\">Los pagos realizados a trav\u00e9s del portal v\u00eda tarjeta bancaria se reflejan en el sistema de caja al d\u00eda siguiente h\u00e1bil. <\/span><\/li><li class=\"li5\"><span class=\"s1\">Los pagos efectuados en sucursal bancaria, comercios participantes v\u00eda Paycash y transferencia electr\u00f3nica se ver\u00e1n reflejados en el sistema de pagos de la Escuela La Salle Playa del Carmen A.C. de 24 a 48 horas posteriores a su realizaci\u00f3n. No se aplicar\u00e1n el mismo d\u00eda en que se realicen, de igual forma excepto pagos por medio de paycash deber\u00e1n agregar el nombre completo del alumno y si es posible el mes que est\u00e1n pagando.<\/span><\/li><li class=\"li6\"><span class=\"s1\">Para cualquier aclaraci\u00f3n de pago, se deber\u00e1 conservar el comprobante original de pago otorgado por cualquiera de las instancias, lugares o mecanismos de pago. En caso de pago con tarjeta de d\u00e9bito o cr\u00e9dito, o transferencia interbancaria, se deber\u00e1 presentar el estado de cuenta original del Banco y se realizar\u00e1n directamente en el \u00e1rea de cajas de la Escuela La Salle Playa del Carmen AC., o bien, enviando el comprobante del pago al correo electr\u00f3nico <a href=\"mailto:gcp00027@playa.lasallecancun.edu.mx\"><span class=\"s3\">gcp00027@playa.lasallecancun.edu.mx<\/span><\/a> utilizando para ello el correo que se le tiene asignado al alumno(a) esto por cuestiones de privacidad y al mismo tiempo para poderlo identificarlo f\u00e1cilmente.<\/span><\/li><\/ul><p class=\"p1\"><span class=\"s1\"><b>POL\u00cdTICAS Y CRITERIOS DE REEMBOLSO POR CANCELACI\u00d3N<\/b><\/span><\/p><ul><li class=\"li6\"><span class=\"s1\">El alumno(a) de nuevo ingreso y reingreso que solicite la cancelaci\u00f3n del registro al ciclo escolar pr\u00f3ximo a iniciar, deber\u00e1 presentar el comprobante original de pago y solicitar su reembolso en el departamento de caja o enviar un correo a gcp00027@playa.lasallecancun.edu.mx. Dicho reembolso se realizar\u00e1 en la siguiente proporci\u00f3n: 85% cuando se solicite antes del inicio de clases; del 50% cuando la solicitud se haga dentro de los primeros 10 d\u00edas naturales de inicio de clases. Una vez concluido este plazo, Escuela La Salle Playa del Carmen A.C no emitir\u00e1 ning\u00fan reembolso<\/span><\/li><\/ul><ul><li class=\"li6\"><span class=\"s1\">El alumno(a) que hubiese pagado anticipadamente el ciclo escolar completo y decida darse de baja voluntaria, el reembolso ser\u00e1 el equivalente al 100% de lo pagado por los meses siguientes que ya no ser\u00e1n cursados de acuerdo con la fecha con la que haya solicitado su baja en el \u00e1rea de cajas o al correo gcp00027@playa.lasallecancun.edu.mx<\/span><\/li><\/ul><ul><li class=\"li6\"><span class=\"s1\">Una vez efectuado el pago de la colegiatura del mes correspondiente, no ser\u00e1 objeto de devoluci\u00f3n. <\/span><\/li><\/ul><ul><li class=\"li6\"><span class=\"s1\">Una vez iniciado el proceso de baja el \u00e1rea Administrativa iniciar\u00e1 los tr\u00e1mites de constancia y devoluci\u00f3n de documentos una vez que sea entregado el formato de baja con todas las firmas que en este documento se soliciten.<\/span><\/li><\/ul><p class=\"p12\"><span class=\"s1\"><b>MEDIOS DE ENTREGA<\/b><\/span><\/p><ul><li class=\"li6\"><span class=\"s1\">Los productos o servicios que se paguen en l\u00ednea se deber\u00e1n esperar a que se aplique en el sistema de cajas y posteriormente su facturaci\u00f3n para que se pueda dar seguimiento al servicio solicitado en caso de que no sea colegiaturas, como puede ser la adquisici\u00f3n de libros, uniformes, constancias, etc.<\/span><\/li><\/ul><p class=\"p12\"><span class=\"s1\"><b>PRECIO DE PRODUCTO\/SERVICIO<\/b><\/span><\/p><ul><li class=\"li6\"><span class=\"s1\">Los Costos de productos o servicios ser\u00e1n los que se establezcan en la Escuela la Salle Playa del Carmen AC.<\/span><b> <\/b><\/li><\/ul><p class=\"p12\"><span class=\"s1\"><b>POL\u00cdTICA DE PRIVACIDAD<\/b><\/span><\/p><ul><li class=\"li15\"><span class=\"s1\">La Escuela La Salle Playa del Carmen salvaguardar\u00e1 la confidencialidad y seguridad de los datos que obtengamos de usted. Este aviso establece nuestra pol\u00edtica de privacidad en lo que se refiere a la recopilaci\u00f3n, protecci\u00f3n y divulgaci\u00f3n de dicha informaci\u00f3n resultante de transacciones de tarjetas bancarias que se utilicen.<\/span><\/li><\/ul><p class=\"p16\"><span class=\"s1\"><b>RECOPILACI\u00d3N DE DATOS<\/b><\/span><\/p><ul><li class=\"li17\"><span class=\"s1\">La Escuela La Salle Playa del Carmen AC recopilar\u00e1 y usar\u00e1 la informaci\u00f3n obtenida de las transacciones de tarjetas bancarias s\u00f3lo para fines comerciales. Estos prop\u00f3sitos comerciales pueden variar dependiendo de las circunstancias. Respetamos y nos comprometemos a proteger su privacidad. Es posible que recopilemos informaci\u00f3n personal identificable cuando visite nuestro sitio. Tambi\u00e9n recibimos y registramos autom\u00e1ticamente informaci\u00f3n en nuestros registros de servidor desde su navegador, incluyendo su direcci\u00f3n IP, informaci\u00f3n de cookies y la p\u00e1gina (s) que visit\u00f3.<\/span><\/li><\/ul><p class=\"p18\"><span class=\"s1\"><b>PROTECCI\u00d3N DE LA INFORMACI\u00d3N DE SU TARJETA DE CR\u00c9DITO<\/b><\/span><\/p><ul><li class=\"li19\"><span class=\"s1\">La informaci\u00f3n de las tarjetas bancarias que nos sean proporcionada por usted a la Escuela La Salle Playa del Carmen AC, ser\u00e1 almacenada de manera confidencial. La Escuela asignar\u00e1 a un(os) colaborador(es) pueden acceder a dicha informaci\u00f3n s\u00f3lo cuando haya una raz\u00f3n comercial justificable para hacerlo, como puede ser en caso de una cuesti\u00f3n de aclaraci\u00f3n de alg\u00fan cargo no reconocido.<\/span><\/li><\/ul><p class=\"p16\"><span class=\"s1\"><b>DIVULGACI\u00d3N DE SU INFORMACI\u00d3N<\/b><\/span><\/p><ul><li class=\"li17\"><span class=\"s1\">la Escuela La Salle Playa del Carmen AC no divulga ninguna informaci\u00f3n no p\u00fablica (tal como n\u00famero de tarjeta de cr\u00e9dito y sus fechas de la expiraci\u00f3n) sobre nuestros clientes, excepto seg\u00fan lo requerido por la ley. No divulgamos informaci\u00f3n acerca de usted a otras entidades que quieran vender sus productos a usted. No le venderemos su informaci\u00f3n personal identificable a nadie.<\/span><\/li><\/ul><p class=\"p18\"><span class=\"s1\"><b>SEGURIDAD DE TRANSACCIONES<\/b><\/span><\/p><ul><li class=\"li19\"><span class=\"s1\">Para garantizar su seguridad en las transacciones, su pago y su informaci\u00f3n personal siempre son seguras, se encripta toda tu informaci\u00f3n personal, incluyendo el n\u00famero de la tarjeta de cr\u00e9dito, el nombre y la direcci\u00f3n, para que no pueda ser le\u00edda por Internet.<\/span><\/li><\/ul><\/div><\/div><\/div><\/div><\/div><\/div><\/div><\/div>\n","protected":false},"excerpt":{"rendered":"<p>POL\u00cdTICAS DE LA ESCUELA LA SALLE PLAYA DEL CARMEN ACPOL\u00cdTICAS DE PAGOLos pagos de colegiatura se realizar\u00e1n a trav\u00e9s de las siguientes modalidades: dep\u00f3sito en ventanilla de sucursales bancarias, transferencia interbancaria, a trav\u00e9s del portal electr\u00f3nico de pagos con tarjeta &hellip; <a href=\"https:\/\/lasalleplayadelcarmen.edu.mx\/?page_id=147\">Continued<\/a><\/p>\n","protected":false},"author":1,"featured_media":0,"parent":0,"menu_order":0,"comment_status":"closed","ping_status":"closed","template":"","meta":{"kt_blocks_editor_width":""},"_links":{"self":[{"href":"https:\/\/lasalleplayadelcarmen.edu.mx\/index.php?rest_route=\/wp\/v2\/pages\/147"}],"collection":[{"href":"https:\/\/lasalleplayadelcarmen.edu.mx\/index.php?rest_route=\/wp\/v2\/pages"}],"about":[{"href":"https:\/\/lasalleplayadelcarmen.edu.mx\/index.php?rest_route=\/wp\/v2\/types\/page"}],"author":[{"embeddable":true,"href":"https:\/\/lasalleplayadelcarmen.edu.mx\/index.php?rest_route=\/wp\/v2\/users\/1"}],"replies":[{"embeddable":true,"href":"https:\/\/lasalleplayadelcarmen.edu.mx\/index.php?rest_route=%2Fwp%2Fv2%2Fcomments&post=147"}],"version-history":[{"count":14,"href":"https:\/\/lasalleplayadelcarmen.edu.mx\/index.php?rest_route=\/wp\/v2\/pages\/147\/revisions"}],"predecessor-version":[{"id":567,"href":"https:\/\/lasalleplayadelcarmen.edu.mx\/index.php?rest_route=\/wp\/v2\/pages\/147\/revisions\/567"}],"wp:attachment":[{"href":"https:\/\/lasalleplayadelcarmen.edu.mx\/index.php?rest_route=%2Fwp%2Fv2%2Fmedia&parent=147"}],"curies":[{"name":"wp","href":"https:\/\/api.w.org\/{rel}","templated":true}]}}