{"id":168,"date":"2020-09-25T13:42:54","date_gmt":"2020-09-25T13:42:54","guid":{"rendered":"https:\/\/lasalleplayadelcarmen.edu.mx\/?page_id=168"},"modified":"2021-08-30T20:37:19","modified_gmt":"2021-08-30T20:37:19","slug":"hm","status":"publish","type":"page","link":"https:\/\/lasalleplayadelcarmen.edu.mx\/","title":{"rendered":""},"content":{"rendered":"<div class=\"vce-row-container\"><div class=\"vce-row vce-element--has-background vce-row--col-gap-20 vce-row-columns--top vce-row-content--top\" id=\"el-995586f4\" data-vce-do-apply=\"all el-995586f4\"><div class=\"vce-content-background-container\"><\/div><div class=\"vce-row-content\" data-vce-element-content=\"true\"><div class=\"vce-col vce-col--md-60-46p vce-col--xs-1 vce-col--xs-last vce-col--xs-first vce-col--sm-last vce-col--sm-first vce-col--md-first vce-col--lg-first vce-col--xl-first\" id=\"el-bc098914\"><div class=\"vce-col-inner\" data-vce-do-apply=\"border margin background  el-bc098914\"><div class=\"vce-col-content\" data-vce-element-content=\"true\" data-vce-do-apply=\"padding el-bc098914\"><div class=\"vce-text-block\"><div class=\"vce-text-block-wrapper vce\" id=\"el-a869417d\" data-vce-do-apply=\"all el-a869417d\"><h2><span style=\"font-size: 36pt; font-weight: 400; font-style: normal; color: #800000;\">Carta de bienvenida<\/span><\/h2><div class=\"page\" title=\"Page 1\"><div class=\"layoutArea\"><div class=\"column\"><p><span style=\"font-size: 14pt; font-weight: bold; font-style: normal;\">\u201cLa mejor herencia que puedes dejar a tus hijos es la educaci\u00f3n\u201d<\/span><\/p><p>Te damos la bienvenida a nuestra Escuela La Salle Playa del Carmen. Pertenecemos a la Red Mundial de Colegios La Salle, haciendo presencia en 80 pa\u00edses.<\/p><p>En la Rep\u00fablica Mexicana somos cerca de 90 obras educativas, de las cuales 6 se ubican en Quintana Roo, y de ellas 3 planteles en Playa del Carmen.<\/p><p>Nuestra escuela se encuentra en la Colonia Guadalupana, al norte de Playa del Carmen. Abrimos las puertas en el a\u00f1o 2008 ofreciendo educaci\u00f3n preescolar, primaria (matutina y vespertina), y secundaria de inspiraci\u00f3n cat\u00f3lica y herencia lasallista. Modelo que contempla una formaci\u00f3n integral, centrada en la persona de nuestros alumnos y teniendo como principios la Fe, la Fraternidad y el Servicio.<\/p><p>Educamos formando personas, futuros l\u00edderes cimentados en la autoseguridad, compromiso, siendo competentes y felices para la vida.<\/p><p>Te invitamos a conocernos y nos encantar\u00eda que fueras parte de nuestra comunidad educativa.<\/p><p>Para el a\u00f1o 2024 seguiremos siendo una escuela que busca la innovaci\u00f3n pedag\u00f3gica, cultural, art\u00edstica, deportiva, tecnol\u00f3gica con base en valores humanos y cristianos y que sepan responder a los retos de esta nueva \u00e9poca.<\/p><\/div><\/div><\/div><\/div><\/div><\/div><\/div><\/div><div class=\"vce-col vce-col--md-39-54p vce-col--xs-1 vce-col--xs-last vce-col--xs-first vce-col--sm-last vce-col--sm-first vce-col--md-last vce-col--lg-last vce-col--xl-last\" id=\"el-50248cf8\"><div class=\"vce-col-inner\" data-vce-do-apply=\"border margin background  el-50248cf8\"><div class=\"vce-col-content\" data-vce-element-content=\"true\" data-vce-do-apply=\"padding el-50248cf8\"><div class=\"vce-single-image-container vce-single-image--align-right\"><div class=\"vce vce-single-image-wrapper\" id=\"el-da294621\" data-vce-do-apply=\"all el-da294621\"><figure><div class=\"vce-single-image-inner vce-single-image--absolute\" style=\"padding-bottom: 122.286%; width: 350px;\"><img class=\"vce-single-image\" width=\"350\" height=\"428\"src=\"https:\/\/lasalleplayadelcarmen.edu.mx\/wp-content\/uploads\/2021\/08\/IM_HM_CAR-350x428.jpg\" srcset=\"https:\/\/lasalleplayadelcarmen.edu.mx\/wp-content\/uploads\/2021\/08\/IM_HM_CAR-320x391.jpg 320w,https:\/\/lasalleplayadelcarmen.edu.mx\/wp-content\/uploads\/2021\/08\/IM_HM_CAR-350x428.jpg 350w\" data-img-src=\"https:\/\/lasalleplayadelcarmen.edu.mx\/wp-content\/uploads\/2021\/02\/IM_HM_CAR.jpg\" alt=\"\" title=\"IM_HM_CAR\" \/><\/div><figcaption hidden=\"\"><\/figcaption><\/figure><\/div><\/div><\/div><\/div><\/div><\/div><\/div><\/div><div class=\"vce-row-container\"><div class=\"vce-row vce-element--has-background vce-row--col-gap-5 vce-row-wrap--reverse vce-row-columns--top vce-row-content--top\" id=\"el-070bbfc2\" data-vce-do-apply=\"all el-070bbfc2\"><div class=\"vce-content-background-container\"><\/div><div class=\"vce-row-content\" data-vce-element-content=\"true\"><div class=\"vce-col vce-col--md-50p vce-col--xs-1 vce-col--xs-last vce-col--xs-first vce-col--sm-last vce-col--sm-first vce-col--md-first vce-col--lg-first vce-col--xl-first\" id=\"el-c041f533\"><div class=\"vce-col-inner\" data-vce-do-apply=\"border margin background  el-c041f533\"><div class=\"vce-col-content\" data-vce-element-content=\"true\" data-vce-do-apply=\"padding el-c041f533\"><\/div><\/div><\/div><div class=\"vce-col vce-col--md-50p vce-col--xs-1 vce-col--xs-last vce-col--xs-first vce-col--sm-last vce-col--sm-first vce-col--md-last vce-col--lg-last vce-col--xl-last\" id=\"el-f42067dd\"><div class=\"vce-col-inner\" data-vce-do-apply=\"border margin background  el-f42067dd\"><div class=\"vce-col-content\" data-vce-element-content=\"true\" data-vce-do-apply=\"padding el-f42067dd\"><div class=\"vce-text-block\"><div class=\"vce-text-block-wrapper vce\" id=\"el-807468fe\" data-vce-do-apply=\"all el-807468fe\"><hr><p style=\"text-align: right;\">Nos encontramos en:<\/p><p style=\"text-align: right;\">Avenida Tecnol\u00f3gico s\/n; Mz 33, Lote 4,<\/p><p style=\"text-align: right;\">Col. Guadalupana, Solidaridad, Quintana Roo.<\/p><p style=\"text-align: right;\">CP. 77724<\/p><p style=\"text-align: right;\">CONTACTO<\/p><p style=\"text-align: right;\">Tel\u00e9fono: 984 147 52 45<\/p><p style=\"text-align: right;\">Correo: primaria.asistente@lasallecancun.edu.mx<\/p><\/div><\/div><\/div><\/div><\/div><\/div><\/div><\/div><div class=\"vce-row-container\"><div class=\"vce-row vce-element--has-background vce-row--col-gap-20 vce-row-columns--top vce-row-content--top\" id=\"el-ba9b3901\" data-vce-do-apply=\"all el-ba9b3901\"><div class=\"vce-content-background-container\"><div class=\"vce-asset-background-simple-container vce-visible-all-only vce-asset-background-simple--style-repeat vce-asset-background-simple--position-center-top\"><div class=\"vce-asset-background-simple\"><div class=\"vce-asset-background-simple-item\" style=\"background-image: url('https:\/\/lasalleplayadelcarmen.edu.mx\/wp-content\/uploads\/2021\/02\/IM_HM_GA_BK.png');\"><\/div><\/div><\/div><\/div><div class=\"vce-row-content\" data-vce-element-content=\"true\"><div class=\"vce-col vce-col--md-auto vce-col--xs-1 vce-col--xs-last vce-col--xs-first vce-col--sm-last vce-col--sm-first vce-col--md-first vce-col--lg-first vce-col--xl-first foto\" id=\"el-e6c9f437\"><div class=\"vce-col-inner\" data-vce-do-apply=\"border margin background  el-e6c9f437\"><div class=\"vce-col-content\" data-vce-element-content=\"true\" data-vce-do-apply=\"padding el-e6c9f437\"><div class=\"vce-single-image-container vce-single-image--align-center\"><div class=\"vce vce-single-image-wrapper\" id=\"el-745c91b5\" data-vce-do-apply=\"all el-745c91b5\"><figure><div class=\"vce-single-image-inner vce-single-image--absolute\" style=\"padding-bottom: 100%; width: 350px;\"><img class=\"vce-single-image\" width=\"350\" height=\"350\"src=\"https:\/\/lasalleplayadelcarmen.edu.mx\/wp-content\/uploads\/2021\/08\/APO_ART_01-350x350.jpg\" srcset=\"https:\/\/lasalleplayadelcarmen.edu.mx\/wp-content\/uploads\/2021\/08\/APO_ART_01-320x320.jpg 320w,https:\/\/lasalleplayadelcarmen.edu.mx\/wp-content\/uploads\/2021\/08\/APO_ART_01-350x350.jpg 350w\" data-img-src=\"https:\/\/lasalleplayadelcarmen.edu.mx\/wp-content\/uploads\/2020\/10\/APO_ART_01.jpg\" alt=\"\" title=\"APO_ART_01\" \/><\/div><figcaption hidden=\"\"><\/figcaption><\/figure><\/div><\/div><\/div><\/div><\/div><div class=\"vce-col vce-col--md-auto vce-col--xs-1 vce-col--xs-last vce-col--xs-first vce-col--sm-last vce-col--sm-first\" id=\"el-80ab3e93\"><div class=\"vce-col-inner\" data-vce-do-apply=\"border margin background  el-80ab3e93\"><div class=\"vce-col-content\" data-vce-element-content=\"true\" data-vce-do-apply=\"padding el-80ab3e93\"><div class=\"vce-single-image-container vce-single-image--align-center\"><div class=\"vce vce-single-image-wrapper\" id=\"el-7a5053f1\" data-vce-do-apply=\"all el-7a5053f1\"><figure><div class=\"vce-single-image-inner vce-single-image--absolute\" style=\"padding-bottom: 100%; width: 350px;\"><img class=\"vce-single-image\" width=\"350\" height=\"350\"src=\"https:\/\/lasalleplayadelcarmen.edu.mx\/wp-content\/uploads\/2021\/08\/APO_ART_02-350x350.jpg\" srcset=\"https:\/\/lasalleplayadelcarmen.edu.mx\/wp-content\/uploads\/2021\/08\/APO_ART_02-320x320.jpg 320w,https:\/\/lasalleplayadelcarmen.edu.mx\/wp-content\/uploads\/2021\/08\/APO_ART_02-350x350.jpg 350w\" data-img-src=\"https:\/\/lasalleplayadelcarmen.edu.mx\/wp-content\/uploads\/2020\/10\/APO_ART_02.jpg\" alt=\"\" title=\"APO_ART_02\" \/><\/div><figcaption hidden=\"\"><\/figcaption><\/figure><\/div><\/div><\/div><\/div><\/div><div class=\"vce-col vce-col--md-auto vce-col--xs-1 vce-col--xs-last vce-col--xs-first vce-col--sm-last vce-col--sm-first\" id=\"el-a40f1e8b\"><div class=\"vce-col-inner\" data-vce-do-apply=\"border margin background  el-a40f1e8b\"><div class=\"vce-col-content\" data-vce-element-content=\"true\" data-vce-do-apply=\"padding el-a40f1e8b\"><div class=\"vce-single-image-container vce-single-image--align-center\"><div class=\"vce vce-single-image-wrapper\" id=\"el-08149e1b\" data-vce-do-apply=\"all el-08149e1b\"><figure><div class=\"vce-single-image-inner vce-single-image--absolute\" style=\"padding-bottom: 100%; width: 350px;\"><img class=\"vce-single-image\" width=\"350\" height=\"350\"src=\"https:\/\/lasalleplayadelcarmen.edu.mx\/wp-content\/uploads\/2021\/08\/APO_ART_03-350x350.jpg\" srcset=\"https:\/\/lasalleplayadelcarmen.edu.mx\/wp-content\/uploads\/2021\/08\/APO_ART_03-320x320.jpg 320w,https:\/\/lasalleplayadelcarmen.edu.mx\/wp-content\/uploads\/2021\/08\/APO_ART_03-350x350.jpg 350w\" data-img-src=\"https:\/\/lasalleplayadelcarmen.edu.mx\/wp-content\/uploads\/2020\/10\/APO_ART_03.jpg\" alt=\"\" title=\"APO_ART_03\" \/><\/div><figcaption hidden=\"\"><\/figcaption><\/figure><\/div><\/div><\/div><\/div><\/div><div class=\"vce-col vce-col--md-auto vce-col--xs-1 vce-col--xs-last vce-col--xs-first vce-col--sm-last vce-col--sm-first vce-col--md-last vce-col--lg-last vce-col--xl-last\" id=\"el-635546e6\"><div class=\"vce-col-inner\" data-vce-do-apply=\"border margin background  el-635546e6\"><div class=\"vce-col-content\" data-vce-element-content=\"true\" data-vce-do-apply=\"padding el-635546e6\"><div class=\"vce-single-image-container vce-single-image--align-center\"><div class=\"vce vce-single-image-wrapper\" id=\"el-5e13184c\" data-vce-do-apply=\"all el-5e13184c\"><figure><div class=\"vce-single-image-inner vce-single-image--absolute\" style=\"padding-bottom: 100%; width: 350px;\"><img class=\"vce-single-image\" width=\"350\" height=\"350\"src=\"https:\/\/lasalleplayadelcarmen.edu.mx\/wp-content\/uploads\/2021\/08\/APO_IDO_01-350x350.jpg\" srcset=\"https:\/\/lasalleplayadelcarmen.edu.mx\/wp-content\/uploads\/2021\/08\/APO_IDO_01-320x320.jpg 320w,https:\/\/lasalleplayadelcarmen.edu.mx\/wp-content\/uploads\/2021\/08\/APO_IDO_01-350x350.jpg 350w\" data-img-src=\"https:\/\/lasalleplayadelcarmen.edu.mx\/wp-content\/uploads\/2020\/10\/APO_IDO_01.jpg\" alt=\"\" title=\"APO_IDO_01\" \/><\/div><figcaption hidden=\"\"><\/figcaption><\/figure><\/div><\/div><\/div><\/div><\/div><\/div><\/div><\/div><div class=\"vce-row-container\"><div class=\"vce-row vce-element--has-background vce-row--col-gap-20 vce-row-columns--top vce-row-content--top\" id=\"el-05e9c978\" data-vce-do-apply=\"all el-05e9c978\"><div class=\"vce-content-background-container\"><div class=\"vce-asset-background-simple-container vce-visible-all-only vce-asset-background-simple--style-repeat vce-asset-background-simple--position-center-top\"><div class=\"vce-asset-background-simple\"><div class=\"vce-asset-background-simple-item\" style=\"background-image: url('https:\/\/lasalleplayadelcarmen.edu.mx\/wp-content\/uploads\/2021\/02\/IM_HM_GA_BK.png');\"><\/div><\/div><\/div><\/div><div class=\"vce-row-content\" data-vce-element-content=\"true\"><div class=\"vce-col vce-col--md-auto vce-col--xs-1 vce-col--xs-last vce-col--xs-first vce-col--sm-last vce-col--sm-first vce-col--md-first vce-col--lg-first vce-col--xl-first foto\" id=\"el-b38a6f1e\"><div class=\"vce-col-inner\" data-vce-do-apply=\"border margin background  el-b38a6f1e\"><div class=\"vce-col-content\" data-vce-element-content=\"true\" data-vce-do-apply=\"padding el-b38a6f1e\"><div class=\"vce-single-image-container vce-single-image--align-center\"><div class=\"vce vce-single-image-wrapper\" id=\"el-5b3b3e51\" data-vce-do-apply=\"all el-5b3b3e51\"><figure><div class=\"vce-single-image-inner vce-single-image--absolute\" style=\"padding-bottom: 100%; width: 350px;\"><img class=\"vce-single-image\" width=\"350\" height=\"350\"src=\"https:\/\/lasalleplayadelcarmen.edu.mx\/wp-content\/uploads\/2021\/08\/APO_IDO_02-350x350.jpg\" srcset=\"https:\/\/lasalleplayadelcarmen.edu.mx\/wp-content\/uploads\/2021\/08\/APO_IDO_02-320x320.jpg 320w,https:\/\/lasalleplayadelcarmen.edu.mx\/wp-content\/uploads\/2021\/08\/APO_IDO_02-350x350.jpg 350w\" data-img-src=\"https:\/\/lasalleplayadelcarmen.edu.mx\/wp-content\/uploads\/2020\/10\/APO_IDO_02.jpg\" alt=\"\" title=\"APO_IDO_02\" \/><\/div><figcaption hidden=\"\"><\/figcaption><\/figure><\/div><\/div><\/div><\/div><\/div><div class=\"vce-col vce-col--md-auto vce-col--xs-1 vce-col--xs-last vce-col--xs-first vce-col--sm-last vce-col--sm-first\" id=\"el-88848f02\"><div class=\"vce-col-inner\" data-vce-do-apply=\"border margin background  el-88848f02\"><div class=\"vce-col-content\" data-vce-element-content=\"true\" data-vce-do-apply=\"padding el-88848f02\"><div class=\"vce-single-image-container vce-single-image--align-center\"><div class=\"vce vce-single-image-wrapper\" id=\"el-81eb4a28\" data-vce-do-apply=\"all el-81eb4a28\"><figure><div class=\"vce-single-image-inner vce-single-image--absolute\" style=\"padding-bottom: 100%; width: 350px;\"><img class=\"vce-single-image\" width=\"350\" height=\"350\"src=\"https:\/\/lasalleplayadelcarmen.edu.mx\/wp-content\/uploads\/2021\/08\/APO_PSI_02-350x350.jpg\" srcset=\"https:\/\/lasalleplayadelcarmen.edu.mx\/wp-content\/uploads\/2021\/08\/APO_PSI_02-320x320.jpg 320w,https:\/\/lasalleplayadelcarmen.edu.mx\/wp-content\/uploads\/2021\/08\/APO_PSI_02-350x350.jpg 350w\" data-img-src=\"https:\/\/lasalleplayadelcarmen.edu.mx\/wp-content\/uploads\/2020\/10\/APO_PSI_02.jpg\" alt=\"\" title=\"APO_PSI_02\" \/><\/div><figcaption hidden=\"\"><\/figcaption><\/figure><\/div><\/div><\/div><\/div><\/div><div class=\"vce-col vce-col--md-auto vce-col--xs-1 vce-col--xs-last vce-col--xs-first vce-col--sm-last vce-col--sm-first\" id=\"el-f864253a\"><div class=\"vce-col-inner\" data-vce-do-apply=\"border margin background  el-f864253a\"><div class=\"vce-col-content\" data-vce-element-content=\"true\" data-vce-do-apply=\"padding el-f864253a\"><div class=\"vce-single-image-container vce-single-image--align-center\"><div class=\"vce vce-single-image-wrapper\" id=\"el-894cb860\" data-vce-do-apply=\"all el-894cb860\"><figure><div class=\"vce-single-image-inner vce-single-image--absolute\" style=\"padding-bottom: 100%; width: 350px;\"><img class=\"vce-single-image\" width=\"350\" height=\"350\"src=\"https:\/\/lasalleplayadelcarmen.edu.mx\/wp-content\/uploads\/2021\/08\/APO_ART_03-350x350.jpg\" srcset=\"https:\/\/lasalleplayadelcarmen.edu.mx\/wp-content\/uploads\/2021\/08\/APO_ART_03-320x320.jpg 320w,https:\/\/lasalleplayadelcarmen.edu.mx\/wp-content\/uploads\/2021\/08\/APO_ART_03-350x350.jpg 350w\" data-img-src=\"https:\/\/lasalleplayadelcarmen.edu.mx\/wp-content\/uploads\/2020\/10\/APO_ART_03.jpg\" alt=\"\" title=\"APO_ART_03\" \/><\/div><figcaption hidden=\"\"><\/figcaption><\/figure><\/div><\/div><\/div><\/div><\/div><div class=\"vce-col vce-col--md-auto vce-col--xs-1 vce-col--xs-last vce-col--xs-first vce-col--sm-last vce-col--sm-first vce-col--md-last vce-col--lg-last vce-col--xl-last\" id=\"el-06e7d6a0\"><div class=\"vce-col-inner\" data-vce-do-apply=\"border margin background  el-06e7d6a0\"><div class=\"vce-col-content\" data-vce-element-content=\"true\" data-vce-do-apply=\"padding el-06e7d6a0\"><div class=\"vce-single-image-container vce-single-image--align-center\"><div class=\"vce vce-single-image-wrapper\" id=\"el-3d30a21b\" data-vce-do-apply=\"all el-3d30a21b\"><figure><div class=\"vce-single-image-inner vce-single-image--absolute\" style=\"padding-bottom: 100%; width: 350px;\"><img class=\"vce-single-image\" width=\"350\" height=\"350\"src=\"https:\/\/lasalleplayadelcarmen.edu.mx\/wp-content\/uploads\/2021\/08\/APO_ART_01-350x350.jpg\" srcset=\"https:\/\/lasalleplayadelcarmen.edu.mx\/wp-content\/uploads\/2021\/08\/APO_ART_01-320x320.jpg 320w,https:\/\/lasalleplayadelcarmen.edu.mx\/wp-content\/uploads\/2021\/08\/APO_ART_01-350x350.jpg 350w\" data-img-src=\"https:\/\/lasalleplayadelcarmen.edu.mx\/wp-content\/uploads\/2020\/10\/APO_ART_01.jpg\" alt=\"\" title=\"APO_ART_01\" \/><\/div><figcaption hidden=\"\"><\/figcaption><\/figure><\/div><\/div><\/div><\/div><\/div><\/div><\/div><\/div>\n","protected":false},"excerpt":{"rendered":"<p>Carta de bienvenida\u201cLa mejor herencia que puedes dejar a tus hijos es la educaci\u00f3n\u201dTe damos la bienvenida a nuestra Escuela La Salle Playa del Carmen. Pertenecemos a la Red Mundial de Colegios La Salle, haciendo presencia en 80 pa\u00edses.En la &hellip; <a href=\"https:\/\/lasalleplayadelcarmen.edu.mx\/\">Continued<\/a><\/p>\n","protected":false},"author":1,"featured_media":0,"parent":0,"menu_order":0,"comment_status":"closed","ping_status":"closed","template":"","meta":{"kt_blocks_editor_width":""},"_links":{"self":[{"href":"https:\/\/lasalleplayadelcarmen.edu.mx\/index.php?rest_route=\/wp\/v2\/pages\/168"}],"collection":[{"href":"https:\/\/lasalleplayadelcarmen.edu.mx\/index.php?rest_route=\/wp\/v2\/pages"}],"about":[{"href":"https:\/\/lasalleplayadelcarmen.edu.mx\/index.php?rest_route=\/wp\/v2\/types\/page"}],"author":[{"embeddable":true,"href":"https:\/\/lasalleplayadelcarmen.edu.mx\/index.php?rest_route=\/wp\/v2\/users\/1"}],"replies":[{"embeddable":true,"href":"https:\/\/lasalleplayadelcarmen.edu.mx\/index.php?rest_route=%2Fwp%2Fv2%2Fcomments&post=168"}],"version-history":[{"count":81,"href":"https:\/\/lasalleplayadelcarmen.edu.mx\/index.php?rest_route=\/wp\/v2\/pages\/168\/revisions"}],"predecessor-version":[{"id":564,"href":"https:\/\/lasalleplayadelcarmen.edu.mx\/index.php?rest_route=\/wp\/v2\/pages\/168\/revisions\/564"}],"wp:attachment":[{"href":"https:\/\/lasalleplayadelcarmen.edu.mx\/index.php?rest_route=%2Fwp%2Fv2%2Fmedia&parent=168"}],"curies":[{"name":"wp","href":"https:\/\/api.w.org\/{rel}","templated":true}]}}