{"id":78,"date":"2020-09-21T15:18:57","date_gmt":"2020-09-21T15:18:57","guid":{"rendered":"https:\/\/lasalleplayadelcarmen.edu.mx\/?page_id=78"},"modified":"2021-02-10T12:46:48","modified_gmt":"2021-02-10T12:46:48","slug":"primaria","status":"publish","type":"page","link":"https:\/\/lasalleplayadelcarmen.edu.mx\/?page_id=78","title":{"rendered":"PRIMARIA"},"content":{"rendered":"<div class=\"vce-row-container\"><div class=\"vce-row vce-row--col-gap-30 vce-row-columns--top vce-row-content--top\" id=\"el-56f77f7d\" data-vce-do-apply=\"all el-56f77f7d\"><div class=\"vce-row-content\" data-vce-element-content=\"true\"><div class=\"vce-col vce-col--md-auto vce-col--xs-1 vce-col--xs-last vce-col--xs-first vce-col--sm-last vce-col--sm-first vce-col--md-last vce-col--lg-last vce-col--xl-last vce-col--md-first vce-col--lg-first vce-col--xl-first\" id=\"el-c3775b44\"><div class=\"vce-col-inner\" data-vce-do-apply=\"border margin background  el-c3775b44\"><div class=\"vce-col-content\" data-vce-element-content=\"true\" data-vce-do-apply=\"padding el-c3775b44\"><div class=\"vce-text-block\"><div class=\"vce-text-block-wrapper vce\" id=\"el-af504a62\" data-vce-do-apply=\"all el-af504a62\"><p><span style=\"color: #1f285c;\"><\/span><\/p>\n<p><span style=\"color: #1f285c; font-family: helvetica, arial, sans-serif; font-size: 12pt; font-weight: 400; font-style: normal;\"><strong>Turno: Matutino y Vespertino.<\/strong><\/span><\/p>\n<p><span style=\"color: #1f285c; font-family: helvetica, arial, sans-serif; font-size: 12pt; font-weight: 400; font-style: normal;\"><\/span><\/p>\n<div class=\"page\" title=\"Page 7\">\n<div class=\"section\">\n<div class=\"layoutArea\">\n<div class=\"column\">&nbsp;<\/div>\n<\/div>\n<div class=\"layoutArea\">\n<div class=\"column\">\n<div class=\"page\" title=\"Page 7\">\n<div class=\"section\">\n<div class=\"layoutArea\">\n<div class=\"column\">\n<p style=\"line-height: 1.25;\"><span style=\"font-size: 12pt;\">Contamos con una infraestructura adecuada y en buen estado, tenemos 6 salones que abarcan los siguientes grados de 1o a 3o para 35 alumnos y de 4o a 6o capacidad para 42 alumnos. Cada salo\u0301n cuenta con mesas redondas para que los alumnos trabajen bajo el me\u0301todo del aprendizaje colaborativo en el que pueden trabajar en conjunto, obtener y reforzar sus aprendizajes grupales, esto les permitira\u0301 aprender del compan\u0303ero, colaborar, fortalecer la confianza, fomentar el compan\u0303erismo, solidaridad, aprender a compartir y el respeto, todo esto con el fin de que el infante comprenda que trabajar en comunidad es ma\u0301s significativo y u\u0301til que el trabajo individual.<\/span><\/p>\n<\/div>\n<\/div>\n<\/div>\n<\/div>\n<\/div>\n<\/div>\n<\/div>\n<\/div>\n<p><span style=\"color: #1f285c;\"><\/span><\/p><\/div><\/div><\/div><\/div><\/div><\/div><\/div><\/div><div class=\"vce-row-container\"><div class=\"vce-row vce-row--col-gap-30 vce-row-columns--top vce-row-content--top\" id=\"el-970509f2\" data-vce-do-apply=\"all el-970509f2\"><div class=\"vce-row-content\" data-vce-element-content=\"true\"><div class=\"vce-col vce-col--md-auto vce-col--xs-1 vce-col--xs-last vce-col--xs-first vce-col--sm-last vce-col--sm-first vce-col--md-last vce-col--lg-last vce-col--xl-last vce-col--md-first vce-col--lg-first vce-col--xl-first\" id=\"el-1aaf0698\"><div class=\"vce-col-inner\" data-vce-do-apply=\"border margin background  el-1aaf0698\"><div class=\"vce-col-content\" data-vce-element-content=\"true\" data-vce-do-apply=\"padding el-1aaf0698\"><div class=\"vce vce-separator-container vce-separator--align-center vce-separator--style-dotted\" id=\"el-7b22b450\" data-vce-do-apply=\"margin el-7b22b450\"><div class=\"vce-separator vce-separator--color-bfc0c1 vce-separator--width-81 vce-separator--thickness-1\" data-vce-do-apply=\"border padding background  el-7b22b450\"><\/div><\/div><\/div><\/div><\/div><\/div><\/div><\/div><div class=\"vce-row-container\"><div class=\"vce-row vce-row--col-gap-30 vce-row-columns--top vce-row-content--top\" id=\"el-aca1b419\" data-vce-do-apply=\"all el-aca1b419\"><div class=\"vce-row-content\" data-vce-element-content=\"true\"><div class=\"vce-col vce-col--md-auto vce-col--xs-1 vce-col--xs-last vce-col--xs-first vce-col--sm-last vce-col--sm-first vce-col--md-first vce-col--lg-first vce-col--xl-first\" id=\"el-b55b46ec\"><div class=\"vce-col-inner\" data-vce-do-apply=\"border margin background  el-b55b46ec\"><div class=\"vce-col-content\" data-vce-element-content=\"true\" data-vce-do-apply=\"padding el-b55b46ec\"><div class=\"vce-text-block\"><div class=\"vce-text-block-wrapper vce\" id=\"el-744a5d21\" data-vce-do-apply=\"all el-744a5d21\"><div class=\"page\" title=\"Page 7\">\n<div class=\"section\">\n<div class=\"layoutArea\">\n<div class=\"column\">\n<p><span style=\"font-size: 12pt;\">Nuestro plan curricular esta\u0301 apegado a los lineamientos de la Secretari\u0301a de Educacio\u0301n Pu\u0301blica, para garantizar que los estudiantes obtengan los aprendizajes esperados y las competencias de acuerdo con los programas de estudio 2011 y 2017. Adema\u0301s, trabajamos la ensen\u0303anza del idioma ingle\u0301s con la editorial de la Universidad de Cambridge, con un sistema adaptado a la ensen\u0303anza de los infantes con el fin de garantizar el desarrollo de sus habilidades lingu\u0308i\u0301sticas y comunicativas, lo que nos hace ser una escuela bilingu\u0308e.<\/span><\/p>\n<\/div>\n<\/div>\n<\/div>\n<\/div><\/div><\/div><\/div><\/div><\/div><div class=\"vce-col vce-col--md-auto vce-col--xs-1 vce-col--xs-last vce-col--xs-first vce-col--sm-last vce-col--sm-first vce-col--md-last vce-col--lg-last vce-col--xl-last\" id=\"el-718ccef6\"><div class=\"vce-col-inner\" data-vce-do-apply=\"border margin background  el-718ccef6\"><div class=\"vce-col-content\" data-vce-element-content=\"true\" data-vce-do-apply=\"padding el-718ccef6\"><div class=\"vce-single-image-container vce-single-image--align-left\"><div class=\"vce vce-single-image-wrapper\" id=\"el-6800164a\" data-vce-do-apply=\"all el-6800164a\"><figure><div class=\"vce-single-image-inner vce-single-image--absolute\" style=\"padding-bottom: 72.2222%; width: 450px;\"><img class=\"vce-single-image\" width=\"450\" height=\"325\"src=\"https:\/\/lasalleplayadelcarmen.edu.mx\/wp-content\/uploads\/2021\/02\/PRI_IM_01-450x325.png\" srcset=\"https:\/\/lasalleplayadelcarmen.edu.mx\/wp-content\/uploads\/2021\/02\/PRI_IM_01-320x231.png 320w,https:\/\/lasalleplayadelcarmen.edu.mx\/wp-content\/uploads\/2021\/02\/PRI_IM_01-450x325.png 450w\" data-img-src=\"https:\/\/lasalleplayadelcarmen.edu.mx\/wp-content\/uploads\/2021\/02\/PRI_IM_01.png\" alt=\"\" title=\"PRI_IM_01\" \/><\/div><figcaption hidden=\"\"><\/figcaption><\/figure><\/div><\/div><\/div><\/div><\/div><\/div><\/div><\/div><div class=\"vce-row-container\"><div class=\"vce-row vce-row--col-gap-30 vce-row-columns--top vce-row-content--top\" id=\"el-7240c043\" data-vce-do-apply=\"all el-7240c043\"><div class=\"vce-row-content\" data-vce-element-content=\"true\"><div class=\"vce-col vce-col--md-auto vce-col--xs-1 vce-col--xs-last vce-col--xs-first vce-col--sm-last vce-col--sm-first vce-col--md-last vce-col--lg-last vce-col--xl-last vce-col--md-first vce-col--lg-first vce-col--xl-first\" id=\"el-85c5251c\"><div class=\"vce-col-inner\" data-vce-do-apply=\"border margin background  el-85c5251c\"><div class=\"vce-col-content\" data-vce-element-content=\"true\" data-vce-do-apply=\"padding el-85c5251c\"><div class=\"vce-text-block\"><div class=\"vce-text-block-wrapper vce\" id=\"el-5f4dda4b\" data-vce-do-apply=\"all el-5f4dda4b\"><div class=\"page\" title=\"Page 7\">\n<div class=\"section\">\n<div class=\"layoutArea\">\n<div class=\"column\">\n<p><span style=\"font-size: 12pt;\">Acade\u0301micamente los alumnos trabajan con libros de la SEP y libros de la Editorial SM \u201cAprendizajes clave\u201d donde cada maestra de espan\u0303ol se encarga de ir trabajando por trimestre con el libro, cada ciclo escolar esta\u0301 dividido en tres trimestres y en cada uno de ellos se evalu\u0301a con un proyecto y un examen.<\/span><\/p>\n<\/div>\n<\/div>\n<\/div>\n<div class=\"section\">\n<div class=\"layoutArea\">\n<div class=\"column\">\n<p><span style=\"font-size: 12pt;\">Somos una escuela de inspiracio\u0301n cato\u0301lica y desde preescolar se da una ensen\u0303anza religiosa escolarizas en donde dos veces a la semana las maestras titulares son las encargadas de dar la clase y asi\u0301 el alumno se va preparando para conocer la vida y ensen\u0303anzas de Jesu\u0301s, adema\u0301s de formar y reforzar la parte espiritual, para que aprendan a ser hijos de Dios y personas i\u0301ntegras.<\/span><\/p>\n<\/div>\n<\/div>\n<\/div>\n<div class=\"section\">\n<div class=\"layoutArea\">\n<div class=\"column\">\n<p><span style=\"font-size: 12pt;\">Se ofrece una preparacio\u0301n voluntaria y extraescolar a los alumnos de 3o, 4o, 5o y 6o an\u0303o de primaria para que ellos puedan realizar su Primera Comunio\u0301n.<\/span><\/p>\n<\/div>\n<\/div>\n<div class=\"layoutArea\">\n<div class=\"column\">\n<p><span style=\"font-size: 12pt;\">Es importante mencionar que en nuestra institucio\u0301n respetamos la creencia religiosa de las familias, por lo que no es un requisito ser cato\u0301lico, esto nos hace ser una escuela inclusiva.<\/span><\/p>\n<\/div>\n<\/div>\n<\/div>\n<\/div><\/div><\/div><\/div><\/div><\/div><\/div><\/div><\/div><div class=\"vce-row-container\"><div class=\"vce-row vce-row--col-gap-30 vce-row-columns--top vce-row-content--top\" id=\"el-a54db814\" data-vce-do-apply=\"all el-a54db814\"><div class=\"vce-row-content\" data-vce-element-content=\"true\"><div class=\"vce-col vce-col--md-auto vce-col--xs-1 vce-col--xs-last vce-col--xs-first vce-col--sm-last vce-col--sm-first vce-col--md-first vce-col--lg-first vce-col--xl-first\" id=\"el-1b6f24f4\"><div class=\"vce-col-inner\" data-vce-do-apply=\"border margin background  el-1b6f24f4\"><div class=\"vce-col-content\" data-vce-element-content=\"true\" data-vce-do-apply=\"padding el-1b6f24f4\"><div class=\"vce-single-image-container vce-single-image--align-left\"><div class=\"vce vce-single-image-wrapper\" id=\"el-0206ac0f\" data-vce-do-apply=\"all el-0206ac0f\"><figure><div class=\"vce-single-image-inner vce-single-image--absolute\" style=\"padding-bottom: 72.2222%; width: 450px;\"><img class=\"vce-single-image\" width=\"450\" height=\"325\"src=\"https:\/\/lasalleplayadelcarmen.edu.mx\/wp-content\/uploads\/2021\/02\/PRI_IM_02-450x325.png\" srcset=\"https:\/\/lasalleplayadelcarmen.edu.mx\/wp-content\/uploads\/2021\/02\/PRI_IM_02-320x231.png 320w,https:\/\/lasalleplayadelcarmen.edu.mx\/wp-content\/uploads\/2021\/02\/PRI_IM_02-450x325.png 450w\" data-img-src=\"https:\/\/lasalleplayadelcarmen.edu.mx\/wp-content\/uploads\/2021\/02\/PRI_IM_02.png\" alt=\"\" title=\"PRI_IM_02\" \/><\/div><figcaption hidden=\"\"><\/figcaption><\/figure><\/div><\/div><\/div><\/div><\/div><div class=\"vce-col vce-col--md-auto vce-col--xs-1 vce-col--xs-last vce-col--xs-first vce-col--sm-last vce-col--sm-first vce-col--md-last vce-col--lg-last vce-col--xl-last\" id=\"el-1b2aed2e\"><div class=\"vce-col-inner\" data-vce-do-apply=\"border margin background  el-1b2aed2e\"><div class=\"vce-col-content\" data-vce-element-content=\"true\" data-vce-do-apply=\"padding el-1b2aed2e\"><div class=\"vce-text-block\"><div class=\"vce-text-block-wrapper vce\" id=\"el-77316d5d\" data-vce-do-apply=\"all el-77316d5d\"><div class=\"page\" title=\"Page 8\">\n<div class=\"section\">\n<div class=\"layoutArea\">\n<div class=\"column\">\n<p><span style=\"font-size: 12pt;\">Nuestras instalaciones de primaria matutina son compartidas con el turno vespertino, cada salo\u0301n esta\u0301 fabricado con material de concreto, contamos con salones ventilados, iluminados y en excelente estado.<\/span><\/p>\n<\/div>\n<\/div>\n<\/div>\n<div class=\"section\">\n<div class=\"layoutArea\">\n<div class=\"column\">\n<p><span style=\"font-size: 12pt;\">En el a\u0301rea deportiva, las instalaciones cuentan con una cancha de Futbol 7 empastada, techada y una plaza ci\u0301vica donde los alumnos realizan una activacio\u0301n fi\u0301sica una cancha de basquetbol todos los di\u0301as, antes de ingresar a clase.<\/span><\/p>\n<\/div>\n<\/div>\n<\/div>\n<\/div><\/div><\/div><\/div><\/div><\/div><\/div><\/div><\/div><div class=\"vce-row-container\"><div class=\"vce-row vce-row--col-gap-30 vce-row-columns--top vce-row-content--top\" id=\"el-db2a0b74\" data-vce-do-apply=\"all el-db2a0b74\"><div class=\"vce-row-content\" data-vce-element-content=\"true\"><div class=\"vce-col vce-col--md-auto vce-col--xs-1 vce-col--xs-last vce-col--xs-first vce-col--sm-last vce-col--sm-first vce-col--md-last vce-col--lg-last vce-col--xl-last vce-col--md-first vce-col--lg-first vce-col--xl-first\" id=\"el-c0d381a4\"><div class=\"vce-col-inner\" data-vce-do-apply=\"border margin background  el-c0d381a4\"><div class=\"vce-col-content\" data-vce-element-content=\"true\" data-vce-do-apply=\"padding el-c0d381a4\"><div class=\"vce-text-block\"><div class=\"vce-text-block-wrapper vce\" id=\"el-90a80aca\" data-vce-do-apply=\"all el-90a80aca\"><div class=\"page\" title=\"Page 8\">\n<div class=\"section\">\n<div class=\"layoutArea\">\n<div class=\"column\">\n<p><span style=\"font-size: 12pt;\">Entre algunas actividades en horario extraescolar tenemos: fu\u0301tbol, coro, scouts, tae kwondo (externo) y natacio\u0301n (externo), y algunas otras que vari\u0301an segu\u0301n los intereses y demanda como basquetbol, teatro, gimnasia, etc.<\/span><\/p>\n<\/div>\n<\/div>\n<\/div>\n<div class=\"layoutArea\">\n<div class=\"column\">\n<p><span style=\"font-size: 12pt;\">Dentro de nuestra institucio\u0301n escolar tambie\u0301n contamos con una cafeteri\u0301a donde los alumnos pueden encontrar lunch nutritivo, higie\u0301nico y casero para cada di\u0301a.<\/span><\/p>\n<\/div>\n<\/div>\n<\/div><\/div><\/div><\/div><\/div><\/div><\/div><\/div><\/div><div class=\"vce-row-container\"><div class=\"vce-row vce-row--col-gap-30 vce-row-columns--top vce-row-content--top\" id=\"el-b76fba59\" data-vce-do-apply=\"all el-b76fba59\"><div class=\"vce-row-content\" data-vce-element-content=\"true\"><div class=\"vce-col vce-col--md-auto vce-col--xs-1 vce-col--xs-last vce-col--xs-first vce-col--sm-last vce-col--sm-first vce-col--md-first vce-col--lg-first vce-col--xl-first\" id=\"el-56177e93\"><div class=\"vce-col-inner\" data-vce-do-apply=\"border margin background  el-56177e93\"><div class=\"vce-col-content\" data-vce-element-content=\"true\" data-vce-do-apply=\"padding el-56177e93\"><div class=\"vce-text-block\"><div class=\"vce-text-block-wrapper vce\" id=\"el-a137e520\" data-vce-do-apply=\"all el-a137e520\"><div class=\"page\" title=\"Page 8\">\n<div class=\"section\">\n<div class=\"layoutArea\">\n<div class=\"column\">\n<p><span style=\"font-size: 12pt;\">Cada turno cuenta con un coordinador acade\u0301mico que, entre otras muchas funciones, se encarga de agendar citas con las maestras titulares y padres de familia para dar a conocer los avances de sus hijos o ver algu\u0301n caso en particular que el padre de familia requiera.<\/span><\/p>\n<\/div>\n<p class=\"p1\"><span style=\"font-size: 12pt;\"><span class=\"s1\">Durante el curso escolar los maestros mantienen un sistema de trabajo el cual consiste en realizar actividades de aprendizaje colaborativo basado en proyectos, que ayuda a los alumnos a realizar las actividades vivenciales, as\u00ed <\/span> <span class=\"s1\">mismo se trabaja en espa\u00f1ol la semana de la ciencia y matem\u00e1ticas en ingl\u00e9s, se refuerzan las clases de science y se realiza el concurso anual de Spelling Bee (deletreo). <\/span><\/span><\/p>\n<\/div>\n<\/div>\n<\/div><\/div><\/div><\/div><\/div><\/div><div class=\"vce-col vce-col--md-auto vce-col--xs-1 vce-col--xs-last vce-col--xs-first vce-col--sm-last vce-col--sm-first vce-col--md-last vce-col--lg-last vce-col--xl-last\" id=\"el-94835b38\"><div class=\"vce-col-inner\" data-vce-do-apply=\"border margin background  el-94835b38\"><div class=\"vce-col-content\" data-vce-element-content=\"true\" data-vce-do-apply=\"padding el-94835b38\"><div class=\"vce-single-image-container vce-single-image--align-left\"><div class=\"vce vce-single-image-wrapper\" id=\"el-c7e4e6d8\" data-vce-do-apply=\"all el-c7e4e6d8\"><figure><div class=\"vce-single-image-inner vce-single-image--absolute\" style=\"padding-bottom: 72.2222%; width: 450px;\"><img class=\"vce-single-image\" width=\"450\" height=\"325\"src=\"https:\/\/lasalleplayadelcarmen.edu.mx\/wp-content\/uploads\/2021\/02\/PRI_IM_03-450x325.png\" srcset=\"https:\/\/lasalleplayadelcarmen.edu.mx\/wp-content\/uploads\/2021\/02\/PRI_IM_03-320x231.png 320w,https:\/\/lasalleplayadelcarmen.edu.mx\/wp-content\/uploads\/2021\/02\/PRI_IM_03-450x325.png 450w\" data-img-src=\"https:\/\/lasalleplayadelcarmen.edu.mx\/wp-content\/uploads\/2021\/02\/PRI_IM_03.png\" alt=\"\" title=\"PRI_IM_03\" \/><\/div><figcaption hidden=\"\"><\/figcaption><\/figure><\/div><\/div><\/div><\/div><\/div><\/div><\/div><\/div><div class=\"vce-row-container\"><div class=\"vce-row vce-row--col-gap-30 vce-row-columns--top vce-row-content--top\" id=\"el-028285c1\" data-vce-do-apply=\"all el-028285c1\"><div class=\"vce-row-content\" data-vce-element-content=\"true\"><div class=\"vce-col vce-col--md-auto vce-col--xs-1 vce-col--xs-last vce-col--xs-first vce-col--sm-last vce-col--sm-first vce-col--md-last vce-col--lg-last vce-col--xl-last vce-col--md-first vce-col--lg-first vce-col--xl-first\" id=\"el-e29f3f28\"><div class=\"vce-col-inner\" data-vce-do-apply=\"border margin background  el-e29f3f28\"><div class=\"vce-col-content\" data-vce-element-content=\"true\" data-vce-do-apply=\"padding el-e29f3f28\"><div class=\"vce-text-block\"><div class=\"vce-text-block-wrapper vce\" id=\"el-ded5c696\" data-vce-do-apply=\"all el-ded5c696\"><div class=\"page\" title=\"Page 9\">\n<div class=\"layoutArea\">\n<div class=\"column\">\n<p>El entusiasmo, carisma, servicio y los valores cristianos son cualidades de cada docente Lasallista.<\/p>\n<\/div>\n<\/div>\n<\/div><\/div><\/div><\/div><\/div><\/div><\/div><\/div><\/div>","protected":false},"excerpt":{"rendered":"<p>Turno: Matutino y Vespertino. &nbsp; Contamos con una infraestructura adecuada y en buen estado, tenemos 6 salones que abarcan los siguientes grados de 1o a 3o para 35 alumnos y de 4o a 6o capacidad para 42 alumnos. Cada salo\u0301n &hellip; <a href=\"https:\/\/lasalleplayadelcarmen.edu.mx\/?page_id=78\">Continued<\/a><\/p>\n","protected":false},"author":1,"featured_media":0,"parent":0,"menu_order":0,"comment_status":"closed","ping_status":"closed","template":"","meta":{"kt_blocks_editor_width":""},"_links":{"self":[{"href":"https:\/\/lasalleplayadelcarmen.edu.mx\/index.php?rest_route=\/wp\/v2\/pages\/78"}],"collection":[{"href":"https:\/\/lasalleplayadelcarmen.edu.mx\/index.php?rest_route=\/wp\/v2\/pages"}],"about":[{"href":"https:\/\/lasalleplayadelcarmen.edu.mx\/index.php?rest_route=\/wp\/v2\/types\/page"}],"author":[{"embeddable":true,"href":"https:\/\/lasalleplayadelcarmen.edu.mx\/index.php?rest_route=\/wp\/v2\/users\/1"}],"replies":[{"embeddable":true,"href":"https:\/\/lasalleplayadelcarmen.edu.mx\/index.php?rest_route=%2Fwp%2Fv2%2Fcomments&post=78"}],"version-history":[{"count":15,"href":"https:\/\/lasalleplayadelcarmen.edu.mx\/index.php?rest_route=\/wp\/v2\/pages\/78\/revisions"}],"predecessor-version":[{"id":514,"href":"https:\/\/lasalleplayadelcarmen.edu.mx\/index.php?rest_route=\/wp\/v2\/pages\/78\/revisions\/514"}],"wp:attachment":[{"href":"https:\/\/lasalleplayadelcarmen.edu.mx\/index.php?rest_route=%2Fwp%2Fv2%2Fmedia&parent=78"}],"curies":[{"name":"wp","href":"https:\/\/api.w.org\/{rel}","templated":true}]}}