{"id":80,"date":"2020-09-21T15:19:26","date_gmt":"2020-09-21T15:19:26","guid":{"rendered":"https:\/\/lasalleplayadelcarmen.edu.mx\/?page_id=80"},"modified":"2020-10-01T12:20:08","modified_gmt":"2020-10-01T12:20:08","slug":"secundaria","status":"publish","type":"page","link":"https:\/\/lasalleplayadelcarmen.edu.mx\/?page_id=80","title":{"rendered":"SECUNDARIA"},"content":{"rendered":"<div class=\"vce-row-container\"><div class=\"vce-row vce-row--col-gap-30 vce-row-columns--top vce-row-content--top\" id=\"el-362ff287\" data-vce-do-apply=\"all el-362ff287\"><div class=\"vce-row-content\" data-vce-element-content=\"true\"><div class=\"vce-col vce-col--md-auto vce-col--xs-1 vce-col--xs-last vce-col--xs-first vce-col--sm-last vce-col--sm-first vce-col--md-last vce-col--lg-last vce-col--xl-last vce-col--md-first vce-col--lg-first vce-col--xl-first\" id=\"el-4d849340\"><div class=\"vce-col-inner\" data-vce-do-apply=\"border margin background  el-4d849340\"><div class=\"vce-col-content\" data-vce-element-content=\"true\" data-vce-do-apply=\"padding el-4d849340\"><div class=\"vce-text-block\"><div class=\"vce-text-block-wrapper vce\" id=\"el-5876c5bf\" data-vce-do-apply=\"all el-5876c5bf\">\r\n<p>Turno: Matutino.<\/p>\r\n\r\n\r\n\r\n<p>La Escuela Secundaria La Salle Playa del Carmen es una comunidad educativa que se enfoca en brindar formaci\u00f3n integral mediante la ense\u00f1anza de educaci\u00f3n b\u00e1sica, se distingue por su formaci\u00f3n en valores ya que est\u00e1 comprometida&nbsp;con los sectores menos favorecidos, apoyando a los padres de familia en la conformaci\u00f3n del n\u00facleo vital de la sociedad.<\/p>\r\n\r\n\r\n\r\n<p>Como parte del desarrollo integral de los alumnos, la Secundaria la Salle Playa del Carmen ha gestionado una serie de actividades deportivas para fortalecer el sentido de pertenencia y ha implementado un programa de asignaturas paraescolares, firmando convenios interinstitucionales p\u00fablicos y privados con el Instituto Mexicano de Taekwondo, Club de Tiro con Arco \u201cLos Halcones\u201d avalado por la Asociaci\u00f3n estatal de Tiro con Arco de Quintana Roo, y para nataci\u00f3n con el Instituto de la Juventud y el Instituto del Deporte Municipal,&nbsp; as\u00ed como el convenio firmado con el Planetario Sayab para formar el Club de Ciencias. Adem\u00e1s contamos con paraescolares de b\u00e1squetbol, v\u00f3leibol, f\u00fatbol, scouts, tiro con arco, nataci\u00f3n, taekwondo y rob\u00f3tica.<\/p>\r\n<\/div><\/div><\/div><\/div><\/div><\/div><\/div><\/div><div class=\"vce-row-container\"><div class=\"vce-row vce-row--col-gap-30 vce-row-columns--top vce-row-content--top\" id=\"el-47f5aed3\" data-vce-do-apply=\"all el-47f5aed3\"><div class=\"vce-row-content\" data-vce-element-content=\"true\"><div class=\"vce-col vce-col--md-auto vce-col--xs-1 vce-col--xs-last vce-col--xs-first vce-col--sm-last vce-col--sm-first vce-col--md-first vce-col--lg-first vce-col--xl-first\" id=\"el-c329c642\"><div class=\"vce-col-inner\" data-vce-do-apply=\"border margin background  el-c329c642\"><div class=\"vce-col-content\" data-vce-element-content=\"true\" data-vce-do-apply=\"padding el-c329c642\"><\/div><\/div><\/div><div class=\"vce-col vce-col--md-auto vce-col--xs-1 vce-col--xs-last vce-col--xs-first vce-col--sm-last vce-col--sm-first vce-col--md-last vce-col--lg-last vce-col--xl-last\" id=\"el-8eeb7043\"><div class=\"vce-col-inner\" data-vce-do-apply=\"border margin background  el-8eeb7043\"><div class=\"vce-col-content\" data-vce-element-content=\"true\" data-vce-do-apply=\"padding el-8eeb7043\"><\/div><\/div><\/div><\/div><\/div><\/div>","protected":false},"excerpt":{"rendered":"<p>Turno: Matutino. La Escuela Secundaria La Salle Playa del Carmen es una comunidad educativa que se enfoca en brindar formaci\u00f3n integral mediante la ense\u00f1anza de educaci\u00f3n b\u00e1sica, se distingue por su formaci\u00f3n en valores ya que est\u00e1 comprometida&nbsp;con los sectores &hellip; <a href=\"https:\/\/lasalleplayadelcarmen.edu.mx\/?page_id=80\">Continued<\/a><\/p>\n","protected":false},"author":1,"featured_media":0,"parent":0,"menu_order":0,"comment_status":"closed","ping_status":"closed","template":"page-feature.php","meta":{"kt_blocks_editor_width":""},"_links":{"self":[{"href":"https:\/\/lasalleplayadelcarmen.edu.mx\/index.php?rest_route=\/wp\/v2\/pages\/80"}],"collection":[{"href":"https:\/\/lasalleplayadelcarmen.edu.mx\/index.php?rest_route=\/wp\/v2\/pages"}],"about":[{"href":"https:\/\/lasalleplayadelcarmen.edu.mx\/index.php?rest_route=\/wp\/v2\/types\/page"}],"author":[{"embeddable":true,"href":"https:\/\/lasalleplayadelcarmen.edu.mx\/index.php?rest_route=\/wp\/v2\/users\/1"}],"replies":[{"embeddable":true,"href":"https:\/\/lasalleplayadelcarmen.edu.mx\/index.php?rest_route=%2Fwp%2Fv2%2Fcomments&post=80"}],"version-history":[{"count":4,"href":"https:\/\/lasalleplayadelcarmen.edu.mx\/index.php?rest_route=\/wp\/v2\/pages\/80\/revisions"}],"predecessor-version":[{"id":328,"href":"https:\/\/lasalleplayadelcarmen.edu.mx\/index.php?rest_route=\/wp\/v2\/pages\/80\/revisions\/328"}],"wp:attachment":[{"href":"https:\/\/lasalleplayadelcarmen.edu.mx\/index.php?rest_route=%2Fwp%2Fv2%2Fmedia&parent=80"}],"curies":[{"name":"wp","href":"https:\/\/api.w.org\/{rel}","templated":true}]}}