{"id":82,"date":"2020-09-21T15:19:49","date_gmt":"2020-09-21T15:19:49","guid":{"rendered":"https:\/\/lasalleplayadelcarmen.edu.mx\/?page_id=82"},"modified":"2020-10-12T15:41:40","modified_gmt":"2020-10-12T15:41:40","slug":"idiomas","status":"publish","type":"page","link":"https:\/\/lasalleplayadelcarmen.edu.mx\/?page_id=82","title":{"rendered":"IDIOMAS"},"content":{"rendered":"<div class=\"vce-row-container\"><div class=\"vce-row vce-row--col-gap-30 vce-row-columns--top vce-row-content--top\" id=\"el-69a364a3\" data-vce-do-apply=\"all el-69a364a3\"><div class=\"vce-row-content\" data-vce-element-content=\"true\"><div class=\"vce-col vce-col--md-60-46p vce-col--xs-1 vce-col--xs-last vce-col--xs-first vce-col--sm-last vce-col--sm-first vce-col--md-first vce-col--lg-first vce-col--xl-first\" id=\"el-c173d819\"><div class=\"vce-col-inner\" data-vce-do-apply=\"border margin background  el-c173d819\"><div class=\"vce-col-content\" data-vce-element-content=\"true\" data-vce-do-apply=\"padding el-c173d819\"><div class=\"vce-text-block\"><div class=\"vce-text-block-wrapper vce\" id=\"el-0cab6f04\" data-vce-do-apply=\"all el-0cab6f04\"><p>INGL\u00c9S<\/p>\r\n<p>Trabajamos la ense\u00f1anza del idioma ingl\u00e9s con la editorial de la Universidad de Cambridge con el sistema adaptado a la ense\u00f1anza de los infantes, con el fin de garantizar el desarrollo de sus habilidades ling\u00fc\u00edsticas y comunicativas, lo que nos hace ser una escuela biling\u00fce.<\/p>\r\n<p>Durante el curso escolar los maestros mantienen un sistema de trabajo, el cual consiste en realizar actividades de aprendizaje colaborativo, como los proyectos que ayudan a los alumnos a realizar las actividades vivenciales, en ingl\u00e9s, se refuerzan las clases de science y la actividad de Spelling B.<\/p>\r\n<p>&nbsp;<\/p><\/div><\/div><\/div><\/div><\/div><div class=\"vce-col vce-col--md-39-54p vce-col--xs-1 vce-col--xs-last vce-col--xs-first vce-col--sm-last vce-col--sm-first vce-col--md-last vce-col--lg-last vce-col--xl-last\" id=\"el-04391010\"><div class=\"vce-col-inner\" data-vce-do-apply=\"border margin background  el-04391010\"><div class=\"vce-col-content\" data-vce-element-content=\"true\" data-vce-do-apply=\"padding el-04391010\"><div class=\"vce-single-image-container vce-single-image--align-right\"><div class=\"vce vce-single-image-wrapper\" id=\"el-7630aad9\" data-vce-do-apply=\"all el-7630aad9\"><figure><div class=\"vce-single-image-inner vce-single-image--absolute\" style=\"padding-bottom: 100%; width: 350px;\"><img class=\"vce-single-image\" width=\"350\" height=\"350\"src=\"https:\/\/lasalleplayadelcarmen.edu.mx\/wp-content\/uploads\/2020\/10\/APO_IDO_01-350x350.jpg\" srcset=\"https:\/\/lasalleplayadelcarmen.edu.mx\/wp-content\/uploads\/2020\/10\/APO_IDO_01-320x320.jpg 320w,https:\/\/lasalleplayadelcarmen.edu.mx\/wp-content\/uploads\/2020\/10\/APO_IDO_01-350x350.jpg 350w\" data-img-src=\"https:\/\/lasalleplayadelcarmen.edu.mx\/wp-content\/uploads\/2020\/10\/APO_IDO_01.jpg\" alt=\"\" title=\"APO_IDO_01\" \/><\/div><figcaption hidden=\"\"><\/figcaption><\/figure><\/div><\/div><\/div><\/div><\/div><\/div><\/div><\/div>\n","protected":false},"excerpt":{"rendered":"<p>INGL\u00c9S Trabajamos la ense\u00f1anza del idioma ingl\u00e9s con la editorial de la Universidad de Cambridge con el sistema adaptado a la ense\u00f1anza de los infantes, con el fin de garantizar el desarrollo de sus habilidades ling\u00fc\u00edsticas y comunicativas, lo que &hellip; <a href=\"https:\/\/lasalleplayadelcarmen.edu.mx\/?page_id=82\">Continued<\/a><\/p>\n","protected":false},"author":1,"featured_media":0,"parent":0,"menu_order":0,"comment_status":"closed","ping_status":"closed","template":"page-feature.php","meta":{"kt_blocks_editor_width":""},"_links":{"self":[{"href":"https:\/\/lasalleplayadelcarmen.edu.mx\/index.php?rest_route=\/wp\/v2\/pages\/82"}],"collection":[{"href":"https:\/\/lasalleplayadelcarmen.edu.mx\/index.php?rest_route=\/wp\/v2\/pages"}],"about":[{"href":"https:\/\/lasalleplayadelcarmen.edu.mx\/index.php?rest_route=\/wp\/v2\/types\/page"}],"author":[{"embeddable":true,"href":"https:\/\/lasalleplayadelcarmen.edu.mx\/index.php?rest_route=\/wp\/v2\/users\/1"}],"replies":[{"embeddable":true,"href":"https:\/\/lasalleplayadelcarmen.edu.mx\/index.php?rest_route=%2Fwp%2Fv2%2Fcomments&post=82"}],"version-history":[{"count":8,"href":"https:\/\/lasalleplayadelcarmen.edu.mx\/index.php?rest_route=\/wp\/v2\/pages\/82\/revisions"}],"predecessor-version":[{"id":383,"href":"https:\/\/lasalleplayadelcarmen.edu.mx\/index.php?rest_route=\/wp\/v2\/pages\/82\/revisions\/383"}],"wp:attachment":[{"href":"https:\/\/lasalleplayadelcarmen.edu.mx\/index.php?rest_route=%2Fwp%2Fv2%2Fmedia&parent=82"}],"curies":[{"name":"wp","href":"https:\/\/api.w.org\/{rel}","templated":true}]}}