{"id":84,"date":"2020-09-21T15:20:13","date_gmt":"2020-09-21T15:20:13","guid":{"rendered":"https:\/\/lasalleplayadelcarmen.edu.mx\/?page_id=84"},"modified":"2020-10-16T15:13:30","modified_gmt":"2020-10-16T15:13:30","slug":"deporte-y-arte","status":"publish","type":"page","link":"https:\/\/lasalleplayadelcarmen.edu.mx\/?page_id=84","title":{"rendered":"DEPORTE Y ARTE"},"content":{"rendered":"<div class=\"vce-row-container\"><div class=\"vce-row vce-row--col-gap-30 vce-row-columns--top vce-row-content--top\" id=\"el-304af817\" data-vce-do-apply=\"all el-304af817\"><div class=\"vce-content-background-container\"><\/div><div class=\"vce-row-content\" data-vce-element-content=\"true\"><div class=\"vce-col vce-col--md-59-64p vce-col--xs-1 vce-col--xs-last vce-col--xs-first vce-col--sm-last vce-col--sm-first vce-col--md-first vce-col--lg-first vce-col--xl-first\" id=\"el-6fe9dd56\"><div class=\"vce-col-inner\" data-vce-do-apply=\"border margin background  el-6fe9dd56\"><div class=\"vce-col-content\" data-vce-element-content=\"true\" data-vce-do-apply=\"padding el-6fe9dd56\"><div class=\"vce-text-block\"><div class=\"vce-text-block-wrapper vce\" id=\"el-af6b16fb\" data-vce-do-apply=\"all el-af6b16fb\"><p>EDUCACI\u00d3N ART\u00cdSTICA<\/p>\r\n<p>Las artes permiten a los seres humanos expresarse de manera original y los elementos b\u00e1sicos que son: cuerpo, espacio, tiempo, movimiento, sonido, forma y color, son utilizados para llevarlos a la pr\u00e1ctica del arte de acuerdo a la edad de los ni\u00f1os.<\/p>\r\n<p>A trav\u00e9s de las diferentes modalidades art\u00edsticas, los ni\u00f1os son capaces de desarrollar la imaginaci\u00f3n, la sensibilidad, la expresi\u00f3n, la creatividad, la percepci\u00f3n, el sentido del ritmo y del espacio, la memoria t\u00e1ctil, visual y auditiva.<\/p>\r\n<p>En preescolar estudiamos el canto como instrumento principal, y conformamos un coro para participar en los eventos escolares y extraescolares a los que nos invitan. Uno de ellos es el tradicional encendido del \u00e1rbol navide\u00f1o de algunos hoteles de la Riviera Maya, al cual, a\u00f1o con a\u00f1o asistimos con mucho entusiasmo. Los alumnos viven una experiencia maravillosa y los hu\u00e9spedes los colman de aplausos.<\/p><\/div><\/div><\/div><\/div><\/div><div class=\"vce-col vce-col--md-40-36p vce-col--xs-1 vce-col--xs-last vce-col--xs-first vce-col--sm-last vce-col--sm-first vce-col--md-last vce-col--lg-last vce-col--xl-last\" id=\"el-79e24046\"><div class=\"vce-col-inner\" data-vce-do-apply=\"border margin background  el-79e24046\"><div class=\"vce-col-content\" data-vce-element-content=\"true\" data-vce-do-apply=\"padding el-79e24046\"><div class=\"vce-simple-image-slider\"><div class=\"vce-simple-image-slider-wrapper vce\" id=\"el-75cbf687\" data-vce-do-apply=\"all el-75cbf687\"><div class=\"vce-simple-image-slider-helper vce-simple-image-slider-aspect-ratio--custom\" style=\"padding-top: 150%;\"><div class=\"vce-simple-image-slider-list\" data-slick-autoplay=\"on\" data-slick-autoplay-delay=\"7000\" data-slick-effect=\"fade\" data-slick-dots=\"on\" data-slick-arrows=\"off\"><div class=\"slick-list\"><div class=\"slick-track\"><div class=\"vce-simple-image-slider-item vc-slick-item\"><a href=\"https:\/\/lasalleplayadelcarmen.edu.mx\/wp-content\/uploads\/2020\/10\/APO_ART_02.jpg\" data-lightbox=\"lightbox-75cbf687\" style=\"background-image:url(https:\/\/lasalleplayadelcarmen.edu.mx\/wp-content\/uploads\/2020\/10\/APO_ART_02.jpg)\" class=\"vce-simple-image-slider-img vce-simple-image-slider-img--background-position-right-top\"><img class=\"\" src=\"https:\/\/lasalleplayadelcarmen.edu.mx\/wp-content\/uploads\/2020\/10\/APO_ART_02.jpg\" style=\"display:none\" alt=\"\"><\/a><\/div><div class=\"vce-simple-image-slider-item vc-slick-item\"><a href=\"https:\/\/lasalleplayadelcarmen.edu.mx\/wp-content\/uploads\/2020\/10\/APO_ART_01.jpg\" data-lightbox=\"lightbox-75cbf687\" style=\"background-image:url(https:\/\/lasalleplayadelcarmen.edu.mx\/wp-content\/uploads\/2020\/10\/APO_ART_01.jpg)\" class=\"vce-simple-image-slider-img vce-simple-image-slider-img--background-position-right-top\"><img class=\"\" src=\"https:\/\/lasalleplayadelcarmen.edu.mx\/wp-content\/uploads\/2020\/10\/APO_ART_01.jpg\" style=\"display:none\" alt=\"\"><\/a><\/div><div class=\"vce-simple-image-slider-item vc-slick-item\"><a href=\"https:\/\/lasalleplayadelcarmen.edu.mx\/wp-content\/uploads\/2020\/10\/APO_ART_04.jpg\" data-lightbox=\"lightbox-75cbf687\" style=\"background-image:url(https:\/\/lasalleplayadelcarmen.edu.mx\/wp-content\/uploads\/2020\/10\/APO_ART_04.jpg)\" class=\"vce-simple-image-slider-img vce-simple-image-slider-img--background-position-right-top\"><img class=\"\" src=\"https:\/\/lasalleplayadelcarmen.edu.mx\/wp-content\/uploads\/2020\/10\/APO_ART_04.jpg\" style=\"display:none\" alt=\"\"><\/a><\/div><div class=\"vce-simple-image-slider-item vc-slick-item\"><a href=\"https:\/\/lasalleplayadelcarmen.edu.mx\/wp-content\/uploads\/2020\/10\/APO_ART_03.jpg\" data-lightbox=\"lightbox-75cbf687\" style=\"background-image:url(https:\/\/lasalleplayadelcarmen.edu.mx\/wp-content\/uploads\/2020\/10\/APO_ART_03.jpg)\" class=\"vce-simple-image-slider-img vce-simple-image-slider-img--background-position-right-top\"><img class=\"\" src=\"https:\/\/lasalleplayadelcarmen.edu.mx\/wp-content\/uploads\/2020\/10\/APO_ART_03.jpg\" style=\"display:none\" alt=\"\"><\/a><\/div><\/div><\/div><\/div><div class=\"vce-simple-image-slider-dots vce-simple-image-slider-dots-color--fff vce-simple-image-slider-dots-color-hover--fd9a00\"><\/div><\/div><\/div><\/div><\/div><\/div><\/div><\/div><\/div><\/div>\n","protected":false},"excerpt":{"rendered":"<p>EDUCACI\u00d3N ART\u00cdSTICA Las artes permiten a los seres humanos expresarse de manera original y los elementos b\u00e1sicos que son: cuerpo, espacio, tiempo, movimiento, sonido, forma y color, son utilizados para llevarlos a la pr\u00e1ctica del arte de acuerdo a la &hellip; <a href=\"https:\/\/lasalleplayadelcarmen.edu.mx\/?page_id=84\">Continued<\/a><\/p>\n","protected":false},"author":1,"featured_media":0,"parent":0,"menu_order":0,"comment_status":"closed","ping_status":"closed","template":"page-feature.php","meta":{"kt_blocks_editor_width":""},"_links":{"self":[{"href":"https:\/\/lasalleplayadelcarmen.edu.mx\/index.php?rest_route=\/wp\/v2\/pages\/84"}],"collection":[{"href":"https:\/\/lasalleplayadelcarmen.edu.mx\/index.php?rest_route=\/wp\/v2\/pages"}],"about":[{"href":"https:\/\/lasalleplayadelcarmen.edu.mx\/index.php?rest_route=\/wp\/v2\/types\/page"}],"author":[{"embeddable":true,"href":"https:\/\/lasalleplayadelcarmen.edu.mx\/index.php?rest_route=\/wp\/v2\/users\/1"}],"replies":[{"embeddable":true,"href":"https:\/\/lasalleplayadelcarmen.edu.mx\/index.php?rest_route=%2Fwp%2Fv2%2Fcomments&post=84"}],"version-history":[{"count":17,"href":"https:\/\/lasalleplayadelcarmen.edu.mx\/index.php?rest_route=\/wp\/v2\/pages\/84\/revisions"}],"predecessor-version":[{"id":426,"href":"https:\/\/lasalleplayadelcarmen.edu.mx\/index.php?rest_route=\/wp\/v2\/pages\/84\/revisions\/426"}],"wp:attachment":[{"href":"https:\/\/lasalleplayadelcarmen.edu.mx\/index.php?rest_route=%2Fwp%2Fv2%2Fmedia&parent=84"}],"curies":[{"name":"wp","href":"https:\/\/api.w.org\/{rel}","templated":true}]}}