{"id":86,"date":"2020-09-21T15:20:31","date_gmt":"2020-09-21T15:20:31","guid":{"rendered":"https:\/\/lasalleplayadelcarmen.edu.mx\/?page_id=86"},"modified":"2020-10-01T12:30:00","modified_gmt":"2020-10-01T12:30:00","slug":"pastoral","status":"publish","type":"page","link":"https:\/\/lasalleplayadelcarmen.edu.mx\/?page_id=86","title":{"rendered":"PASTORAL"},"content":{"rendered":"<div class=\"vce-row-container\"><div class=\"vce-row vce-row--col-gap-30 vce-row-columns--top vce-row-content--top\" id=\"el-267832eb\" data-vce-do-apply=\"all el-267832eb\"><div class=\"vce-row-content\" data-vce-element-content=\"true\"><div class=\"vce-col vce-col--md-auto vce-col--xs-1 vce-col--xs-last vce-col--xs-first vce-col--sm-last vce-col--sm-first vce-col--md-last vce-col--lg-last vce-col--xl-last vce-col--md-first vce-col--lg-first vce-col--xl-first\" id=\"el-80e4325c\"><div class=\"vce-col-inner\" data-vce-do-apply=\"border margin background  el-80e4325c\"><div class=\"vce-col-content\" data-vce-element-content=\"true\" data-vce-do-apply=\"padding el-80e4325c\"><div class=\"vce-text-block\"><div class=\"vce-text-block-wrapper vce\" id=\"el-507e4688\" data-vce-do-apply=\"all el-507e4688\">\r\n<p>El departamento de pastoral tiene como objetivo darle un acompa\u00f1amiento al alumno durante su formaci\u00f3n en preescolar y primaria, somos un colegio que busca que nuestros estudiantes tengan una formaci\u00f3n integral tanto acad\u00e9mica como en la formaci\u00f3n de la fe.<\/p>\r\n\r\n\r\n\r\n<p>La Formaci\u00f3n de valores, en donde los ni\u00f1os aprenden y ponen en pr\u00e1ctica cada uno de los valores, desde primero de k\u00ednder hasta primaria.<\/p>\r\n\r\n\r\n\r\n<p>Para nosotros es importante que nuestros alumnos desarrollen una serie de actividades en valores como la amistad, generosidad, la paciencia y el respeto, son esenciales para un sano desarrollo.<\/p>\r\n\r\n\r\n\r\n<p>Debemos educarlos desde peque\u00f1os para lograr que sean mejores personas. Por lo que buscamos a lo largo del ciclo escolar reforzar su fe, desarrollar su espiritualidad de manera individual, siguiendo las ense\u00f1anzas que nos dej\u00f3 San Juan Bautista De La Salle.<\/p>\r\n\r\n\r\n\r\n<p>Las actividades que se realizan en Preescolar y en Primaria de La Salle Playa del Carmen son: rosario misionero, viacrucis, clases de valores, elaboraci\u00f3n de su coronas de adviento, formaci\u00f3n para su primera comuni\u00f3n, misa una vez al mes, encuentros con Jes\u00fas, pastorela, celebraci\u00f3n de la Santa Virgen de Guadalupe y semana Lasallista.<\/p>\r\n<\/div><\/div><\/div><\/div><\/div><\/div><\/div><\/div><div class=\"vce-row-container\"><div class=\"vce-row vce-row--col-gap-30 vce-row-columns--top vce-row-content--top\" id=\"el-b9f7f662\" data-vce-do-apply=\"all el-b9f7f662\"><div class=\"vce-row-content\" data-vce-element-content=\"true\"><div class=\"vce-col vce-col--md-auto vce-col--xs-1 vce-col--xs-last vce-col--xs-first vce-col--sm-last vce-col--sm-first vce-col--md-first vce-col--lg-first vce-col--xl-first\" id=\"el-5d806d59\"><div class=\"vce-col-inner\" data-vce-do-apply=\"border margin background  el-5d806d59\"><div class=\"vce-col-content\" data-vce-element-content=\"true\" data-vce-do-apply=\"padding el-5d806d59\"><\/div><\/div><\/div><div class=\"vce-col vce-col--md-auto vce-col--xs-1 vce-col--xs-last vce-col--xs-first vce-col--sm-last vce-col--sm-first vce-col--md-last vce-col--lg-last vce-col--xl-last\" id=\"el-024214d6\"><div class=\"vce-col-inner\" data-vce-do-apply=\"border margin background  el-024214d6\"><div class=\"vce-col-content\" data-vce-element-content=\"true\" data-vce-do-apply=\"padding el-024214d6\"><\/div><\/div><\/div><\/div><\/div><\/div>","protected":false},"excerpt":{"rendered":"<p>El departamento de pastoral tiene como objetivo darle un acompa\u00f1amiento al alumno durante su formaci\u00f3n en preescolar y primaria, somos un colegio que busca que nuestros estudiantes tengan una formaci\u00f3n integral tanto acad\u00e9mica como en la formaci\u00f3n de la fe. &hellip; <a href=\"https:\/\/lasalleplayadelcarmen.edu.mx\/?page_id=86\">Continued<\/a><\/p>\n","protected":false},"author":1,"featured_media":0,"parent":0,"menu_order":0,"comment_status":"closed","ping_status":"closed","template":"page-feature.php","meta":{"kt_blocks_editor_width":""},"_links":{"self":[{"href":"https:\/\/lasalleplayadelcarmen.edu.mx\/index.php?rest_route=\/wp\/v2\/pages\/86"}],"collection":[{"href":"https:\/\/lasalleplayadelcarmen.edu.mx\/index.php?rest_route=\/wp\/v2\/pages"}],"about":[{"href":"https:\/\/lasalleplayadelcarmen.edu.mx\/index.php?rest_route=\/wp\/v2\/types\/page"}],"author":[{"embeddable":true,"href":"https:\/\/lasalleplayadelcarmen.edu.mx\/index.php?rest_route=\/wp\/v2\/users\/1"}],"replies":[{"embeddable":true,"href":"https:\/\/lasalleplayadelcarmen.edu.mx\/index.php?rest_route=%2Fwp%2Fv2%2Fcomments&post=86"}],"version-history":[{"count":4,"href":"https:\/\/lasalleplayadelcarmen.edu.mx\/index.php?rest_route=\/wp\/v2\/pages\/86\/revisions"}],"predecessor-version":[{"id":331,"href":"https:\/\/lasalleplayadelcarmen.edu.mx\/index.php?rest_route=\/wp\/v2\/pages\/86\/revisions\/331"}],"wp:attachment":[{"href":"https:\/\/lasalleplayadelcarmen.edu.mx\/index.php?rest_route=%2Fwp%2Fv2%2Fmedia&parent=86"}],"curies":[{"name":"wp","href":"https:\/\/api.w.org\/{rel}","templated":true}]}}